{"id":826,"date":"2022-12-02T15:07:43","date_gmt":"2022-12-02T15:07:43","guid":{"rendered":"https:\/\/www.multicont.hu\/?page_id=826"},"modified":"2023-03-20T10:16:10","modified_gmt":"2023-03-20T10:16:10","slug":"container-sizes","status":"publish","type":"page","link":"https:\/\/www.multicont.hu\/en\/container-sizes\/","title":{"rendered":"Container sizes"},"content":{"rendered":"\t\t<div data-elementor-type=\"wp-page\" data-elementor-id=\"826\" class=\"elementor elementor-826\" data-elementor-post-type=\"page\">\n\t\t\t\t\t\t<section class=\"elementor-section elementor-top-section elementor-element elementor-element-0aaeff3 elementor-section-boxed elementor-section-height-default elementor-section-height-default\" data-id=\"0aaeff3\" data-element_type=\"section\" data-settings=\"{&quot;background_background&quot;:&quot;classic&quot;,&quot;jet_parallax_layout_list&quot;:[]}\">\n\t\t\t\t\t\t<div class=\"elementor-container elementor-column-gap-default\">\n\t\t\t\t\t<div class=\"elementor-column elementor-col-100 elementor-top-column elementor-element elementor-element-47492e1\" data-id=\"47492e1\" data-element_type=\"column\">\n\t\t\t<div class=\"elementor-widget-wrap elementor-element-populated\">\n\t\t\t\t\t\t<div class=\"elementor-element elementor-element-d015992 elementor-widget elementor-widget-heading\" data-id=\"d015992\" data-element_type=\"widget\" data-widget_type=\"heading.default\">\n\t\t\t\t<div class=\"elementor-widget-container\">\n\t\t\t\t\t<h2 class=\"elementor-heading-title elementor-size-default\">Container sizes<\/h2>\t\t\t\t<\/div>\n\t\t\t\t<\/div>\n\t\t\t\t<div class=\"elementor-element elementor-element-dd7f360 elementor-widget elementor-widget-text-editor\" data-id=\"dd7f360\" data-element_type=\"widget\" data-widget_type=\"text-editor.default\">\n\t\t\t\t<div class=\"elementor-widget-container\">\n\t\t\t\t\t\t\t\t\tnemzetk\u00f6zi sz\u00e1ll\u00edtm\u00e1nyoz\u00e1s tengeren, leveg\u0151ben, vas\u00faton, k\u00f6z\u00faton!\t\t\t\t\t\t\t\t<\/div>\n\t\t\t\t<\/div>\n\t\t\t\t\t<\/div>\n\t\t<\/div>\n\t\t\t\t\t<\/div>\n\t\t<\/section>\n\t\t\t\t<section class=\"elementor-section elementor-top-section elementor-element elementor-element-bd76ca4 elementor-reverse-mobile elementor-section-boxed elementor-section-height-default elementor-section-height-default\" data-id=\"bd76ca4\" data-element_type=\"section\" data-settings=\"{&quot;jet_parallax_layout_list&quot;:[]}\">\n\t\t\t\t\t\t<div class=\"elementor-container elementor-column-gap-default\">\n\t\t\t\t\t<div class=\"elementor-column elementor-col-100 elementor-top-column elementor-element elementor-element-7b983c0\" data-id=\"7b983c0\" data-element_type=\"column\">\n\t\t\t<div class=\"elementor-widget-wrap elementor-element-populated\">\n\t\t\t\t\t\t<div class=\"elementor-element elementor-element-e7cc7d6 elementor-widget elementor-widget-jet-table\" data-id=\"e7cc7d6\" data-element_type=\"widget\" data-widget_type=\"jet-table.default\">\n\t\t\t\t<div class=\"elementor-widget-container\">\n\t\t\t\t\t<div class=\"elementor-jet-table jet-elements\">\n\t\t<div class=\"jet-table-wrapper jet-table-responsive-mobile\">\n\t\t\t<table class=\"jet-table jet-table--fa5-compat\">\n\t\t\t\t<thead class=\"jet-table__head\"><tr class=\"jet-table__head-row\"><th class=\"jet-table__cell elementor-repeater-item-b247449 jet-table__head-cell\" scope=\"col\"><div class=\"jet-table__cell-inner\"><div class=\"jet-table__cell-content\"><div class=\"jet-table__cell-text\">Internal dimension<\/div><\/div><\/div><\/th><th class=\"jet-table__cell elementor-repeater-item-6d25bd7 jet-table__head-cell\" scope=\"col\"><div class=\"jet-table__cell-inner\"><div class=\"jet-table__cell-content\"><div class=\"jet-table__cell-text\">Door openings<\/div><\/div><\/div><\/th><th class=\"jet-table__cell elementor-repeater-item-8d95c3d jet-table__head-cell\" scope=\"col\"><div class=\"jet-table__cell-inner\"><div class=\"jet-table__cell-content\"><div class=\"jet-table__cell-text\">Max. capacity (cbm)<\/div><\/div><\/div><\/th><th class=\"jet-table__cell elementor-repeater-item-c30b5a3 jet-table__head-cell\" scope=\"col\"><div class=\"jet-table__cell-inner\"><div class=\"jet-table__cell-content\"><div class=\"jet-table__cell-text\">Max. payload (kg)<\/div><\/div><\/div><\/th><\/tr><\/thead>\n\t\t\t\t\t\t\t\t<tbody class=\"jet-table__body\"><tr class=\"jet-table__body-row elementor-repeater-item-67cb9da\"><th class=\"jet-table__cell elementor-repeater-item-3ffdb80 jet-table__head-cell\" colspan=\"4\" scope=\"row\"><div class=\"jet-table__cell-inner\"><div class=\"jet-table__cell-content\"><div class=\"jet-table__cell-text\">20\u2019 Dry Freight Container<\/div><\/div><\/div><\/th><\/tr><tr class=\"jet-table__body-row elementor-repeater-item-54278f7\"><td class=\"jet-table__cell elementor-repeater-item-b9ea246 jet-table__body-cell\"><div class=\"jet-table__cell-inner\"><div class=\"jet-table__cell-content\"><div class=\"jet-table__cell-text\">H: 5.898 mm x\u00a0 Sz: 2.350 mm x M: 2.390 mm<\/div><\/div><\/div><\/td><td class=\"jet-table__cell elementor-repeater-item-48d4f1f jet-table__body-cell\"><div class=\"jet-table__cell-inner\"><div class=\"jet-table__cell-content\"><div class=\"jet-table__cell-text\">Sz: 2.340 mm, M: 2.280 mm<\/div><\/div><\/div><\/td><td class=\"jet-table__cell elementor-repeater-item-79799d2 jet-table__body-cell\"><div class=\"jet-table__cell-inner\"><div class=\"jet-table__cell-content\"><div class=\"jet-table__cell-text\">33,0 m\u00b3<\/div><\/div><\/div><\/td><td class=\"jet-table__cell elementor-repeater-item-fdfbc56 jet-table__body-cell\"><div class=\"jet-table__cell-inner\"><div class=\"jet-table__cell-content\"><div class=\"jet-table__cell-text\">24.800 kg<\/div><\/div><\/div><\/td><\/tr><tr class=\"jet-table__body-row elementor-repeater-item-b1ab976\"><th class=\"jet-table__cell elementor-repeater-item-c296753 jet-table__head-cell\" colspan=\"4\" scope=\"row\"><div class=\"jet-table__cell-inner\"><div class=\"jet-table__cell-content\"><div class=\"jet-table__cell-text\">40\u2019 Dry Freight Container<\/div><\/div><\/div><\/th><\/tr><tr class=\"jet-table__body-row elementor-repeater-item-e047e29\"><td class=\"jet-table__cell elementor-repeater-item-fadb5f5 jet-table__body-cell\" colspan=\"1\"><div class=\"jet-table__cell-inner\"><div class=\"jet-table__cell-content\"><div class=\"jet-table__cell-text\">H: 12.035 mm x Sz: 2.350 mm x M: 2.393 mm<\/div><\/div><\/div><\/td><td class=\"jet-table__cell elementor-repeater-item-a9e92d6 jet-table__body-cell\"><div class=\"jet-table__cell-inner\"><div class=\"jet-table__cell-content\"><div class=\"jet-table__cell-text\">Sz: 2.339 mm, M: 2.274 mm\n<\/div><\/div><\/div><\/td><td class=\"jet-table__cell elementor-repeater-item-5921ea9 jet-table__body-cell\"><div class=\"jet-table__cell-inner\"><div class=\"jet-table__cell-content\"><div class=\"jet-table__cell-text\">67,0 m\u00b3\n<\/div><\/div><\/div><\/td><td class=\"jet-table__cell elementor-repeater-item-5b9dfe4 jet-table__body-cell\"><div class=\"jet-table__cell-inner\"><div class=\"jet-table__cell-content\"><div class=\"jet-table__cell-text\">28.800 kg<\/div><\/div><\/div><\/td><\/tr><tr class=\"jet-table__body-row elementor-repeater-item-ecab415\"><th class=\"jet-table__cell elementor-repeater-item-1bae6a7 jet-table__head-cell\" colspan=\"4\" scope=\"row\"><div class=\"jet-table__cell-inner\"><div class=\"jet-table__cell-content\"><div class=\"jet-table__cell-text\">40\u2019 High Cube Dry Container<\/div><\/div><\/div><\/th><\/tr><tr class=\"jet-table__body-row elementor-repeater-item-126ac0f\"><td class=\"jet-table__cell elementor-repeater-item-c947ce4 jet-table__body-cell\"><div class=\"jet-table__cell-inner\"><div class=\"jet-table__cell-content\"><div class=\"jet-table__cell-text\">H: 5.898 mm x\u00a0 Sz: 2.350 mm x M: 2.390 mm<\/div><\/div><\/div><\/td><td class=\"jet-table__cell elementor-repeater-item-ccd527f jet-table__body-cell\"><div class=\"jet-table__cell-inner\"><div class=\"jet-table__cell-content\"><div class=\"jet-table__cell-text\">H: 12,030 mm x Sz: 2,350 mm x M: 2,690 mm\n<\/div><\/div><\/div><\/td><td class=\"jet-table__cell elementor-repeater-item-8e404c8 jet-table__body-cell\"><div class=\"jet-table__cell-inner\"><div class=\"jet-table__cell-content\"><div class=\"jet-table__cell-text\">76,0 m\u00b3\n<\/div><\/div><\/div><\/td><td class=\"jet-table__cell elementor-repeater-item-cd28326 jet-table__body-cell\"><div class=\"jet-table__cell-inner\"><div class=\"jet-table__cell-content\"><div class=\"jet-table__cell-text\">28.570 kg<\/div><\/div><\/div><\/td><\/tr><tr class=\"jet-table__body-row elementor-repeater-item-e564d14\"><th class=\"jet-table__cell elementor-repeater-item-e7868ff jet-table__head-cell\" colspan=\"4\" scope=\"row\"><div class=\"jet-table__cell-inner\"><div class=\"jet-table__cell-content\"><div class=\"jet-table__cell-text\">45\u2019 High Cube Dry Container  \t\t\t \t\t\t\n\n<\/div><\/div><\/div><\/th><\/tr><tr class=\"jet-table__body-row elementor-repeater-item-833f6eb\"><td class=\"jet-table__cell elementor-repeater-item-a0ad32a jet-table__body-cell\"><div class=\"jet-table__cell-inner\"><div class=\"jet-table__cell-content\"><div class=\"jet-table__cell-text\">\nH: 13.556 mm x Sz: 2.352 mm x M: 2.695 mm\n<\/div><\/div><\/div><\/td><td class=\"jet-table__cell elementor-repeater-item-79b26f7 jet-table__body-cell\"><div class=\"jet-table__cell-inner\"><div class=\"jet-table__cell-content\"><div class=\"jet-table__cell-text\">Sz: 2.340 mm, M: 2.579 mm\n<\/div><\/div><\/div><\/td><td class=\"jet-table__cell elementor-repeater-item-673a3d9 jet-table__body-cell\"><div class=\"jet-table__cell-inner\"><div class=\"jet-table__cell-content\"><div class=\"jet-table__cell-text\">86,0 m\u00b3\n\n<\/div><\/div><\/div><\/td><td class=\"jet-table__cell elementor-repeater-item-203ea78 jet-table__body-cell\"><div class=\"jet-table__cell-inner\"><div class=\"jet-table__cell-content\"><div class=\"jet-table__cell-text\">27.910 kg\n\n<\/div><\/div><\/div><\/td><\/tr><tr class=\"jet-table__body-row elementor-repeater-item-2bd0b94\"><th class=\"jet-table__cell elementor-repeater-item-094db47 jet-table__head-cell\" colspan=\"4\" scope=\"row\"><div class=\"jet-table__cell-inner\"><div class=\"jet-table__cell-content\"><div class=\"jet-table__cell-text\">20\u2019 Reefer Container aluminium \t\t\t \t\t\t<\/div><\/div><\/div><\/th><\/tr><tr class=\"jet-table__body-row elementor-repeater-item-988d569\"><td class=\"jet-table__cell elementor-repeater-item-63b27f0 jet-table__body-cell\"><div class=\"jet-table__cell-inner\"><div class=\"jet-table__cell-content\"><div class=\"jet-table__cell-text\">H: 5.440 mm x Sz: 2.294 mm x 2.237 mm\n<\/div><\/div><\/div><\/td><td class=\"jet-table__cell elementor-repeater-item-1528e9a jet-table__body-cell\"><div class=\"jet-table__cell-inner\"><div class=\"jet-table__cell-content\"><div class=\"jet-table__cell-text\">Sz: 2.286 mm, M: 2.238 mm<\/div><\/div><\/div><\/td><td class=\"jet-table__cell elementor-repeater-item-670940d jet-table__body-cell\"><div class=\"jet-table__cell-inner\"><div class=\"jet-table__cell-content\"><div class=\"jet-table__cell-text\">27,9 m\u00b3\n<\/div><\/div><\/div><\/td><td class=\"jet-table__cell elementor-repeater-item-84be623 jet-table__body-cell\"><div class=\"jet-table__cell-inner\"><div class=\"jet-table__cell-content\"><div class=\"jet-table__cell-text\">24.250 kg\n<\/div><\/div><\/div><\/td><\/tr><tr class=\"jet-table__body-row elementor-repeater-item-b59bf34\"><th class=\"jet-table__cell elementor-repeater-item-98a4bbe jet-table__head-cell\" colspan=\"4\" scope=\"row\"><div class=\"jet-table__cell-inner\"><div class=\"jet-table__cell-content\"><div class=\"jet-table__cell-text\">40\u2019 High Cube Reefer Container aluminium\n<\/div><\/div><\/div><\/th><\/tr><tr class=\"jet-table__body-row elementor-repeater-item-d220d8d\"><td class=\"jet-table__cell elementor-repeater-item-23b2cea jet-table__body-cell\"><div class=\"jet-table__cell-inner\"><div class=\"jet-table__cell-content\"><div class=\"jet-table__cell-text\">H: 11.577 mm x Sz: 2.294 mm x M: 2.509 mm\n\n<\/div><\/div><\/div><\/td><td class=\"jet-table__cell elementor-repeater-item-f8455fb jet-table__body-cell\"><div class=\"jet-table__cell-inner\"><div class=\"jet-table__cell-content\"><div class=\"jet-table__cell-text\">Sz: 2.290 mm, M: 2.535 mm<\/div><\/div><\/div><\/td><td class=\"jet-table__cell elementor-repeater-item-c3a774d jet-table__body-cell\"><div class=\"jet-table__cell-inner\"><div class=\"jet-table__cell-content\"><div class=\"jet-table__cell-text\">67,0 m\u00b3<\/div><\/div><\/div><\/td><td class=\"jet-table__cell elementor-repeater-item-6fb9a21 jet-table__body-cell\"><div class=\"jet-table__cell-inner\"><div class=\"jet-table__cell-content\"><div class=\"jet-table__cell-text\">28.350 kg<\/div><\/div><\/div><\/td><\/tr><tr class=\"jet-table__body-row elementor-repeater-item-4478540\"><th class=\"jet-table__cell elementor-repeater-item-e3d027e jet-table__head-cell\" colspan=\"4\" scope=\"row\"><div class=\"jet-table__cell-inner\"><div class=\"jet-table__cell-content\"><div class=\"jet-table__cell-text\">20\u2019 Open Top Container  \t\t\t\t\t\n\n\n<\/div><\/div><\/div><\/th><\/tr><tr class=\"jet-table__body-row elementor-repeater-item-33f23fb\"><td class=\"jet-table__cell elementor-repeater-item-e11012c jet-table__body-cell\"><div class=\"jet-table__cell-inner\"><div class=\"jet-table__cell-content\"><div class=\"jet-table__cell-text\">H: 5.893 mm x Sz: 2.346 mm x 2.353 mm\n\n<\/div><\/div><\/div><\/td><td class=\"jet-table__cell elementor-repeater-item-65cf568 jet-table__body-cell\"><div class=\"jet-table__cell-inner\"><div class=\"jet-table__cell-content\"><div class=\"jet-table__cell-text\">Sz: 2.338 mm, M: 2.273 mm<\/div><\/div><\/div><\/td><td class=\"jet-table__cell elementor-repeater-item-735f0aa jet-table__body-cell\"><div class=\"jet-table__cell-inner\"><div class=\"jet-table__cell-content\"><div class=\"jet-table__cell-text\">32,0 m\u00b3<\/div><\/div><\/div><\/td><td class=\"jet-table__cell elementor-repeater-item-b6447c6 jet-table__body-cell\"><div class=\"jet-table__cell-inner\"><div class=\"jet-table__cell-content\"><div class=\"jet-table__cell-text\">28.280 kg\n<\/div><\/div><\/div><\/td><\/tr><tr class=\"jet-table__body-row elementor-repeater-item-70c0867\"><th class=\"jet-table__cell elementor-repeater-item-40d7514 jet-table__head-cell\" colspan=\"4\" scope=\"row\"><div class=\"jet-table__cell-inner\"><div class=\"jet-table__cell-content\"><div class=\"jet-table__cell-text\">40\u2019 Open Top Container\n\n<\/div><\/div><\/div><\/th><\/tr><tr class=\"jet-table__body-row elementor-repeater-item-3965a42\"><td class=\"jet-table__cell elementor-repeater-item-7f3176d jet-table__body-cell\"><div class=\"jet-table__cell-inner\"><div class=\"jet-table__cell-content\"><div class=\"jet-table__cell-text\">H: 12.056 mm x Sz: 2.347 mm x M: 2.379 mm\n\n<\/div><\/div><\/div><\/td><td class=\"jet-table__cell elementor-repeater-item-707bbae jet-table__body-cell\"><div class=\"jet-table__cell-inner\"><div class=\"jet-table__cell-content\"><div class=\"jet-table__cell-text\">Sz: 2.343 mm, M: 2.279 mm\n<\/div><\/div><\/div><\/td><td class=\"jet-table__cell elementor-repeater-item-49dc8c2 jet-table__body-cell\"><div class=\"jet-table__cell-inner\"><div class=\"jet-table__cell-content\"><div class=\"jet-table__cell-text\">67,0 m\u00b3\n<\/div><\/div><\/div><\/td><td class=\"jet-table__cell elementor-repeater-item-10b8f70 jet-table__body-cell\"><div class=\"jet-table__cell-inner\"><div class=\"jet-table__cell-content\"><div class=\"jet-table__cell-text\">28.700 kg\n<\/div><\/div><\/div><\/td><\/tr><tr class=\"jet-table__body-row elementor-repeater-item-d200a24\"><th class=\"jet-table__cell elementor-repeater-item-a9281ef jet-table__head-cell\" colspan=\"4\" scope=\"row\"><div class=\"jet-table__cell-inner\"><div class=\"jet-table__cell-content\"><div class=\"jet-table__cell-text\">20\u2019 Flat Rack Container <\/div><\/div><\/div><\/th><\/tr><tr class=\"jet-table__body-row elementor-repeater-item-f72bd3f\"><td class=\"jet-table__cell elementor-repeater-item-3507130 jet-table__body-cell\"><div class=\"jet-table__cell-inner\"><div class=\"jet-table__cell-content\"><div class=\"jet-table__cell-text\">H: 5.935 mm x Sz: 2.398 mm x M: 2.327 mm\n<\/div><\/div><\/div><\/td><td class=\"jet-table__cell elementor-repeater-item-509b12e jet-table__body-cell\"><div class=\"jet-table__cell-inner\"><div class=\"jet-table__cell-content\"><div class=\"jet-table__cell-text\">\n<\/div><\/div><\/div><\/td><td class=\"jet-table__cell elementor-repeater-item-ced7489 jet-table__body-cell\"><div class=\"jet-table__cell-inner\"><div class=\"jet-table__cell-content\"><div class=\"jet-table__cell-text\">\n<\/div><\/div><\/div><\/td><td class=\"jet-table__cell elementor-repeater-item-b07796f jet-table__body-cell\"><div class=\"jet-table__cell-inner\"><div class=\"jet-table__cell-content\"><div class=\"jet-table__cell-text\">21.440 kg<\/div><\/div><\/div><\/td><\/tr><tr class=\"jet-table__body-row elementor-repeater-item-9f986fa\"><th class=\"jet-table__cell elementor-repeater-item-80dc970 jet-table__head-cell\" colspan=\"4\" scope=\"row\"><div class=\"jet-table__cell-inner\"><div class=\"jet-table__cell-content\"><div class=\"jet-table__cell-text\">40\u2019 Flat Rack Container\n<\/div><\/div><\/div><\/th><\/tr><tr class=\"jet-table__body-row elementor-repeater-item-70ca34a\"><td class=\"jet-table__cell elementor-repeater-item-3d4008b jet-table__body-cell\"><div class=\"jet-table__cell-inner\"><div class=\"jet-table__cell-content\"><div class=\"jet-table__cell-text\">\nH: 12.080 mm x Sz: 2.420 mm x M: 2.103 mm\n<\/div><\/div><\/div><\/td><td class=\"jet-table__cell elementor-repeater-item-1550af0 jet-table__body-cell\"><div class=\"jet-table__cell-inner\"><div class=\"jet-table__cell-content\"><div class=\"jet-table__cell-text\">\n<\/div><\/div><\/div><\/td><td class=\"jet-table__cell elementor-repeater-item-78ee616 jet-table__body-cell\"><div class=\"jet-table__cell-inner\"><div class=\"jet-table__cell-content\"><div class=\"jet-table__cell-text\">\n<\/div><\/div><\/div><\/td><td class=\"jet-table__cell elementor-repeater-item-1077cc8 jet-table__body-cell\"><div class=\"jet-table__cell-inner\"><div class=\"jet-table__cell-content\"><div class=\"jet-table__cell-text\">25.000 kg<\/div><\/div><\/div><\/td><\/tr><\/tbody>\n\t\t\t<\/table>\n\t\t<\/div>\n\n\t\t<\/div>\t\t\t\t<\/div>\n\t\t\t\t<\/div>\n\t\t\t\t<div class=\"elementor-element elementor-element-2d09226 elementor-skin-carousel elementor-widget elementor-widget-global elementor-global-914 elementor-widget-media-carousel\" data-id=\"2d09226\" data-element_type=\"widget\" data-settings=\"{&quot;skin&quot;:&quot;carousel&quot;,&quot;effect&quot;:&quot;slide&quot;,&quot;speed&quot;:500,&quot;autoplay&quot;:&quot;yes&quot;,&quot;autoplay_speed&quot;:5000,&quot;loop&quot;:&quot;yes&quot;,&quot;pause_on_hover&quot;:&quot;yes&quot;,&quot;pause_on_interaction&quot;:&quot;yes&quot;,&quot;space_between&quot;:{&quot;unit&quot;:&quot;px&quot;,&quot;size&quot;:10,&quot;sizes&quot;:[]},&quot;space_between_tablet&quot;:{&quot;unit&quot;:&quot;px&quot;,&quot;size&quot;:10,&quot;sizes&quot;:[]},&quot;space_between_mobile&quot;:{&quot;unit&quot;:&quot;px&quot;,&quot;size&quot;:10,&quot;sizes&quot;:[]}}\" data-widget_type=\"media-carousel.default\">\n\t\t\t\t<div class=\"elementor-widget-container\">\n\t\t\t\t\t\t\t\t\t<div class=\"elementor-swiper\">\n\t\t\t\t\t<div class=\"elementor-main-swiper swiper\" role=\"region\" aria-roledescription=\"carousel\" aria-label=\"Di\u00e1k\">\n\t\t\t\t<div class=\"swiper-wrapper\">\n\t\t\t\t\t\t\t\t\t\t\t<div class=\"swiper-slide\" role=\"group\" aria-roledescription=\"slide\">\n\t\t\t\t\t\t\t<a href=\"https:\/\/www.multicont.hu\/wp-content\/uploads\/2025\/09\/20250307_MULTICONT-Zrt_a.pdf\" target=\"_blank\">\t\t<div class=\"elementor-carousel-image\" role=\"img\" aria-label=\"multicont_aaa_gold_2025\" style=\"background-image: url(&#039;https:\/\/www.multicont.hu\/wp-content\/uploads\/2025\/09\/multicont_aaa_gold_2025.png&#039;)\">\n\n\t\t\t\n\t\t\t\t\t<\/div>\n\t\t<\/a>\t\t\t\t\t\t<\/div>\n\t\t\t\t\t\t\t\t\t\t\t<div class=\"swiper-slide\" role=\"group\" aria-roledescription=\"slide\">\n\t\t\t\t\t\t\t<a href=\"https:\/\/www.multicont.hu\/wp-content\/uploads\/2022\/11\/multicont_ISO-9001-194559-2016-AQ-BUD-RvA-3-HU.pdf\" target=\"_blank\">\t\t<div class=\"elementor-carousel-image\" role=\"img\" aria-label=\"logo_ISO_2023\" style=\"background-image: url(&#039;https:\/\/www.multicont.hu\/wp-content\/uploads\/2023\/01\/logo_ISO_2023.png&#039;)\">\n\n\t\t\t\n\t\t\t\t\t<\/div>\n\t\t<\/a>\t\t\t\t\t\t<\/div>\n\t\t\t\t\t\t\t\t\t<\/div>\n\t\t\t\t\t\t\t\t\t\t\t\t\t\t\t\t\t\t\t\t\t<\/div>\n\t\t\t\t<\/div>\n\t\t\t\t\t\t\t\t<\/div>\n\t\t\t\t<\/div>\n\t\t\t\t\t<\/div>\n\t\t<\/div>\n\t\t\t\t\t<\/div>\n\t\t<\/section>\n\t\t\t\t<\/div>\n\t\t","protected":false},"excerpt":{"rendered":"<p>Container sizes nemzetk\u00f6zi sz\u00e1ll\u00edtm\u00e1nyoz\u00e1s tengeren, leveg\u0151ben, vas\u00faton, k\u00f6z\u00faton! Internal dimension Door openings Max. capacity (cbm) Max. payload (kg) 20\u2019 Dry Freight Container H: 5.898 mm x\u00a0 Sz: 2.350 mm x M: 2.390 mm Sz: 2.340 mm, M: 2.280 mm 33,0 m\u00b3 24.800 kg 40\u2019 Dry Freight Container H: 12.035 mm x Sz: 2.350 mm x [&hellip;]<\/p>\n","protected":false},"author":1,"featured_media":0,"parent":0,"menu_order":0,"comment_status":"closed","ping_status":"closed","template":"","meta":{"footnotes":""},"class_list":["post-826","page","type-page","status-publish","hentry"],"_links":{"self":[{"href":"https:\/\/www.multicont.hu\/en\/wp-json\/wp\/v2\/pages\/826","targetHints":{"allow":["GET"]}}],"collection":[{"href":"https:\/\/www.multicont.hu\/en\/wp-json\/wp\/v2\/pages"}],"about":[{"href":"https:\/\/www.multicont.hu\/en\/wp-json\/wp\/v2\/types\/page"}],"author":[{"embeddable":true,"href":"https:\/\/www.multicont.hu\/en\/wp-json\/wp\/v2\/users\/1"}],"replies":[{"embeddable":true,"href":"https:\/\/www.multicont.hu\/en\/wp-json\/wp\/v2\/comments?post=826"}],"version-history":[{"count":7,"href":"https:\/\/www.multicont.hu\/en\/wp-json\/wp\/v2\/pages\/826\/revisions"}],"predecessor-version":[{"id":937,"href":"https:\/\/www.multicont.hu\/en\/wp-json\/wp\/v2\/pages\/826\/revisions\/937"}],"wp:attachment":[{"href":"https:\/\/www.multicont.hu\/en\/wp-json\/wp\/v2\/media?parent=826"}],"curies":[{"name":"wp","href":"https:\/\/api.w.org\/{rel}","templated":true}]}}